{"id":22,"date":"2012-09-17T02:06:10","date_gmt":"2012-09-17T00:06:10","guid":{"rendered":"https:\/\/www.staripisker.com\/?page_id=22"},"modified":"2012-09-23T18:20:52","modified_gmt":"2012-09-23T16:20:52","slug":"sinopsis","status":"publish","type":"page","link":"https:\/\/www.staripisker.com\/","title":{"rendered":"Stari Pisker"},"content":{"rendered":"<span class=\"embed-youtube\" style=\"text-align:center; display: block;\"><iframe loading=\"lazy\" class=\"youtube-player\" width=\"584\" height=\"329\" src=\"https:\/\/www.youtube.com\/embed\/9a9ynlIoXf0?version=3&#038;rel=1&#038;showsearch=0&#038;showinfo=1&#038;iv_load_policy=1&#038;fs=1&#038;hl=en-US&#038;autohide=2&#038;wmode=transparent\" allowfullscreen=\"true\" style=\"border:0;\" sandbox=\"allow-scripts allow-same-origin allow-popups allow-presentation allow-popups-to-escape-sandbox\"><\/iframe><\/span>\n<p><a href=\"https:\/\/i0.wp.com\/www.staripisker.com\/wp-content\/uploads\/2012\/09\/plakat.jpg?ssl=1\"><img data-recalc-dims=\"1\" loading=\"lazy\" decoding=\"async\" data-attachment-id=\"24\" data-permalink=\"https:\/\/www.staripisker.com\/?attachment_id=24\" data-orig-file=\"https:\/\/i0.wp.com\/www.staripisker.com\/wp-content\/uploads\/2012\/09\/plakat.jpg?fit=1448%2C2048&amp;ssl=1\" data-orig-size=\"1448,2048\" data-comments-opened=\"1\" data-image-meta=\"{&quot;aperture&quot;:&quot;0&quot;,&quot;credit&quot;:&quot;&quot;,&quot;camera&quot;:&quot;&quot;,&quot;caption&quot;:&quot;&quot;,&quot;created_timestamp&quot;:&quot;0&quot;,&quot;copyright&quot;:&quot;&quot;,&quot;focal_length&quot;:&quot;0&quot;,&quot;iso&quot;:&quot;0&quot;,&quot;shutter_speed&quot;:&quot;0&quot;,&quot;title&quot;:&quot;&quot;}\" data-image-title=\"plakat\" data-image-description=\"\" data-image-caption=\"\" data-large-file=\"https:\/\/i0.wp.com\/www.staripisker.com\/wp-content\/uploads\/2012\/09\/plakat.jpg?fit=584%2C826&amp;ssl=1\" class=\"alignleft size-medium wp-image-24\" title=\"plakat\" src=\"https:\/\/i0.wp.com\/www.staripisker.com\/wp-content\/uploads\/2012\/09\/plakat.jpg?resize=212%2C300&#038;ssl=1\" alt=\"\" width=\"212\" height=\"300\" srcset=\"https:\/\/i0.wp.com\/www.staripisker.com\/wp-content\/uploads\/2012\/09\/plakat.jpg?resize=212%2C300&amp;ssl=1 212w, https:\/\/i0.wp.com\/www.staripisker.com\/wp-content\/uploads\/2012\/09\/plakat.jpg?resize=724%2C1024&amp;ssl=1 724w, https:\/\/i0.wp.com\/www.staripisker.com\/wp-content\/uploads\/2012\/09\/plakat.jpg?w=1448&amp;ssl=1 1448w, https:\/\/i0.wp.com\/www.staripisker.com\/wp-content\/uploads\/2012\/09\/plakat.jpg?w=1168&amp;ssl=1 1168w\" sizes=\"auto, (max-width: 212px) 100vw, 212px\" \/><\/a><\/p>\n<p>Julija 2011 je skupina mladih filmskih entuziastov za\u010dela s snemanjem filma <strong><em>Stari pisker<\/em><\/strong>.<\/p>\n<p>Film je svojo vsebino \u010drpal iz knjig danes \u0161e edinega \u017eive\u010dega osvoboditelja zapornikov,<strong> Ivana Grobelnika \u2013 Iva<\/strong>: \u00bbHarmonika, \u0161karje in Stari pisker\u00ab in \u00bbStari pisker, resnice in la\u017ei\u00ab, v pomo\u010d pa so bile \u0161e knjige \u00a0\u00bbZbirka Dokazi \u2013 Stari pisker\u00ab (akcijo opisal Riko Presinger \u2013\u017darko) in \u00bbVigred se povrne\u00ab dr.Toneta Kregarja.<br \/>\nDragocena pri\u010devanja pa sta dodali pre\u017eiveli udele\u017eenki akcije \u00a0Bo\u017ea Svetek \u2013 \u017divka in Amalija Grobelnik \u2013 Jelka.<\/p>\n<p>Zgodba je naslednja: \u0161est partizanskih aktivistov \u00a0v no\u010di s 14. na 15. december 1944 s pomo\u010djo zaporni\u0161kega paznika, osvobodi vse zapornike iz zloglasnega nem\u0161kega zapora <em>Stari pisker<\/em> v Celju.<br \/>\nAkcija je bila izpeljana brez enega samega strela in brez smrtnih \u017ertev.<\/p>\n<p><strong>O filmu<\/strong><\/p>\n<p>Idejni vodja projekta, re\u017eiser in glavni igralec je <strong>Darko Nikolovski<\/strong>, sicer javnosti znan kot glasbenik\/reper\u00a0<strong><a href=\"http:\/\/nikolovski.saminorci.com\/\" target=\"_blank\">Nikolovski<\/a><em>.<\/em><\/strong><\/p>\n<p>Nalogo direktorja fotografije je odli\u010dno opravil <strong>Andra\u017e Jeri\u010d<\/strong>, s kamero je rokoval <strong>Ju\u0161 Premrov<\/strong>, za glasbo v filmu pa je poskrbel <strong>Sa\u0161o Fajon<\/strong>. Za oro\u017eje, opremo in posebne efekte je poskrbel <strong>Jernej Brajer<\/strong>.<\/p>\n<p>Film je posnet v \u010drno-beli tehniki in traja 59 minut in 56 sekund.<\/p>\n<p>Ve\u010dina <a title=\"Igralci\" href=\"https:\/\/www.staripisker.com\/?page_id=16\">igralcev<\/a> v filmu je prvi\u010d stopila pred filmsko kamero,\u00a0pojavijo pa se tudi bolj znana imena kot Inti \u0160raj (\u017divka), Jerica Mrzel (Gradova soproga), Niko Zagode (gestapovec) in kot \u00a0posebni gost udele\u017eenec osvoboditve iz leta 1944, \u00a0<strong>Ivan Grobelnik \u2013 Ivo<\/strong>.<\/p>\n<p><strong>Nastajanje filma<\/strong><\/p>\n<p>Snemanje filma se je pri\u010delo \u00a0julija 2011. Delo je trajalo 30 snemalnih dni oziroma v pogojih, s katerimi se je soo\u010dala ekipa (odvisnost od vremena, delo le med vikendi, denarja in prostega \u010dasa udele\u017eencev), je film bil zaklju\u010den po slabih osmih mesecih dela.<\/p>\n<p><strong>Lokacije snemanja<\/strong><\/p>\n<p><strong><\/strong>\u00a0Celje (mestna \u010detrt \u2013 Center) in okolica (Ogorevc nad \u0160torami, Ko\u0161nica pri Celju), Zavod za prestajanje mladoletni\u0161kega zapora in kazni zapora Celje (Stari pisker), Kamnik (mestno jedro), Budnarjeva doma\u010dija \u2013 muzejska hi\u0161a, Ur\u0161ulinski samostan Mekinje, Ljubljana (prostori Ministrstva za notranje zadeve in drevored na poti spominov in tovari\u0161tva), gora Oljka.<\/p>\n","protected":false},"excerpt":{"rendered":"<p>Julija 2011 je skupina mladih filmskih entuziastov za\u010dela s snemanjem filma Stari pisker. Film je svojo vsebino \u010drpal iz knjig danes \u0161e edinega \u017eive\u010dega osvoboditelja zapornikov, Ivana Grobelnika \u2013 Iva: \u00bbHarmonika, \u0161karje in Stari pisker\u00ab in \u00bbStari pisker, resnice in &hellip; <a href=\"https:\/\/www.staripisker.com\/\">Continue reading <span class=\"meta-nav\">&rarr;<\/span><\/a><\/p>\n","protected":false},"author":1,"featured_media":101,"parent":0,"menu_order":0,"comment_status":"open","ping_status":"open","template":"","meta":{"footnotes":""},"class_list":["post-22","page","type-page","status-publish","has-post-thumbnail","hentry"],"jetpack_sharing_enabled":true,"jetpack_shortlink":"https:\/\/wp.me\/P2K41a-m","_links":{"self":[{"href":"https:\/\/www.staripisker.com\/index.php?rest_route=\/wp\/v2\/pages\/22","targetHints":{"allow":["GET"]}}],"collection":[{"href":"https:\/\/www.staripisker.com\/index.php?rest_route=\/wp\/v2\/pages"}],"about":[{"href":"https:\/\/www.staripisker.com\/index.php?rest_route=\/wp\/v2\/types\/page"}],"author":[{"embeddable":true,"href":"https:\/\/www.staripisker.com\/index.php?rest_route=\/wp\/v2\/users\/1"}],"replies":[{"embeddable":true,"href":"https:\/\/www.staripisker.com\/index.php?rest_route=%2Fwp%2Fv2%2Fcomments&post=22"}],"version-history":[{"count":10,"href":"https:\/\/www.staripisker.com\/index.php?rest_route=\/wp\/v2\/pages\/22\/revisions"}],"predecessor-version":[{"id":25,"href":"https:\/\/www.staripisker.com\/index.php?rest_route=\/wp\/v2\/pages\/22\/revisions\/25"}],"wp:featuredmedia":[{"embeddable":true,"href":"https:\/\/www.staripisker.com\/index.php?rest_route=\/wp\/v2\/media\/101"}],"wp:attachment":[{"href":"https:\/\/www.staripisker.com\/index.php?rest_route=%2Fwp%2Fv2%2Fmedia&parent=22"}],"curies":[{"name":"wp","href":"https:\/\/api.w.org\/{rel}","templated":true}]}}